{"id":13352,"date":"2022-10-25T13:32:54","date_gmt":"2022-10-25T06:32:54","guid":{"rendered":"https:\/\/hedon.com.vn\/san-pham\/ruou-vang-do-codici-3l\/"},"modified":"2026-04-28T16:43:10","modified_gmt":"2026-04-28T09:43:10","slug":"ruou-vang-do-codici-3l","status":"publish","type":"product","link":"https:\/\/hedon.com.vn\/en\/san-pham\/ruou-vang-do-codici-3l\/","title":{"rendered":"R\u01b0\u1ee3u vang \u00dd Codici 3L"},"content":{"rendered":"<p style=\"text-align: justify;\"><span style=\"font-size: 14px;\"><strong>Codici Masserie<\/strong> l\u00e0 m\u1ed9t nh\u00e0 s\u1ea3n xu\u1ea5t r\u01b0\u1ee3u vang t\u1ea1i v\u00f9ng <strong>Puglia c\u1ee7a Italy. <\/strong>B\u00ean c\u1ea1nh h\u00ecnh th\u1ee9c \u0111\u00f3ng chai th\u00ec <strong>Codici Masserie <\/strong>c\u0169ng cho ra \u0111\u1eddi d\u00f2ng r\u01b0\u1ee3u vang b\u1ecbch v\u1edbi h\u01b0\u01a1ng v\u1ecb \u0111\u1ed9c \u0111\u00e1o v\u00e0 \u0111\u01b0\u1ee3c y\u00eau th\u00edch l\u1ef1a ch\u1ecdn tr\u00ean to\u00e0n th\u1ebf gi\u1edbi.\u00a0<\/span><\/p>\n<p style=\"text-align: justify;\"><span style=\"font-size: 14px;\"><strong>Codici Masserie Primitivo Merlot<\/strong> l\u00e0 d\u00f2ng r\u01b0\u1ee3u vang b\u1ecbch \u0111\u01b0\u1ee3c l\u00e0m t\u1eeb <strong>nho Primitivo,<\/strong> gi\u1ed1ng nho \u0111\u1ecf ph\u1ed5 bi\u1ebfn nh\u1ea5t c\u1ee7a <strong>Italy <\/strong>c\u00f9ng pha tr\u1ed9n v\u1edbi nho <strong>Merlot,<\/strong> m\u1ed9t gi\u1ed1ng nho c\u00f3 ngu\u1ed3n g\u1ed1c t\u1eeb Phap. Nh\u1eefng v\u01b0\u1eddn nho xu\u1ea5t ph\u00e1t tr\u00ean nh\u1eefng s\u01b0\u1eddn \u0111\u1ed3i c\u00f3 n\u1ec1n \u0111\u1ea5t s\u00e9t, t\u1ea1o \u0111i\u1ec1u ki\u1ec7n cho nho ph\u00e1t tri\u1ec3n v\u00e0 \u0111\u1ea1t \u0111\u1ed9 ch\u00edn t\u1ed1i \u01b0u nh\u1ea5t.\u00a0<\/span><\/p>\n<p style=\"text-align: justify;\"><span style=\"font-size: 14px;\"><strong>R\u01b0\u1ee3u vang <\/strong>c\u00f3 m\u00e0u \u0111\u1ecf ruby m\u1ea1nh m\u1ebd v\u1edbi \u00e1nh t\u00edm m\u01b0\u1ee3t m\u00e0. H\u01b0\u01a1ng th\u01a1m c\u1ee7a r\u01b0\u1ee3u \u0111\u1eadm \u0111\u00e0 v\u1edbi v\u1ecb qu\u1ea3 \u0111\u1ecf c\u00f9ng h\u00f2a quy\u1ec7n v\u1edbi h\u01b0\u01a1ng gia v\u1ecb v\u00e0 m\u1ee9t qu\u1ea3 \u0111en. R\u01b0\u1ee3u c\u00f3 c\u1ea5u tr\u00fac ch\u1eb7t ch\u1ebd, tannin m\u1ec1m m\u1ea1i, h\u00e0i h\u00f2a v\u1edbi axit v\u00e0 v\u1ecb tr\u00e1i c\u00e2y t\u01b0\u01a1i. H\u1eadu v\u1ecb k\u00e9o d\u00e0i v\u1edbi v\u1ecb ch\u00e1t v\u00e0 v\u1ecb cay nh\u1eb9 nh\u00e0ng.\u00a0<\/span><\/p>\n<p style=\"text-align: justify;\"><span style=\"font-size: 14px;\"><strong>R\u01b0\u1ee3u vang b\u1ecbch Codici Masserie Primitivo Merlot<\/strong> th\u00edch h\u1ee3p v\u1edbi nh\u1eefng b\u1eefa ti\u1ec7c \u0111\u1eb7c bi\u1ec7t v\u00e0 c\u00f3 \u0111\u00f4ng \u0111\u1ea3o ng\u01b0\u1eddi tham d\u1ef1. R\u01b0\u1ee3u vang \u0111\u01b0\u1ee3c y\u00eau th\u00edch th\u01b0\u1edfng th\u1ee9c c\u00f9ng c\u00e1c m\u00f3n th\u1ecbt \u0111\u1ecf rang, th\u1ecbt h\u1ea7m v\u00e0 c\u00e1c lo\u1ea1i ph\u00f4 mai kh\u00e1c nhau. Nhi\u1ec7t \u0111\u1ed9 l\u00fd t\u01b0\u1edfng \u0111\u1ec3 h\u01b0\u01a1ng v\u1ecb ngon nh\u1ea5t l\u00e0 12 &#8211; 14\u00b0C.\u00a0<\/span><\/p>\n<p style=\"text-align: justify;\">\n","protected":false},"excerpt":{"rendered":"<p>Codici Masserie l\u00e0 m\u1ed9t nh\u00e0 s\u1ea3n xu\u1ea5t r\u01b0\u1ee3u vang t\u1ea1i v\u00f9ng Puglia c\u1ee7a Italy. B\u00ean c\u1ea1nh h\u00ecnh th\u1ee9c \u0111\u00f3ng chai th\u00ec Codici Masserie c\u0169ng cho ra \u0111\u1eddi d\u00f2ng r\u01b0\u1ee3u vang&#8230;<\/p>\n","protected":false},"featured_media":13353,"comment_status":"open","ping_status":"closed","template":"","meta":[],"product_brand":[],"product_cat":[1734],"product_tag":[1644,1417,1562,1563,1256,1398],"class_list":{"0":"post-13352","1":"product","2":"type-product","3":"status-publish","4":"has-post-thumbnail","6":"product_cat-codici-masserie","7":"product_tag-3000ml","8":"product_tag-merlot","9":"product_tag-primitivo","10":"product_tag-puglia","11":"product_tag-ruou-vang-do","12":"product_tag-ruou-vang-y","13":"pa_dung-tich-3000ml","14":"pa_giong-nho-merlot","15":"pa_giong-nho-primitivo","16":"pa_loai-vang-red-wine","17":"pa_nha-san-xuat-codici-masserie","18":"pa_quoc-gia-italy","19":"pa_vung-nho-puglia","21":"first","22":"instock","23":"taxable","24":"shipping-taxable","25":"purchasable","26":"product-type-simple"},"_links":{"self":[{"href":"https:\/\/hedon.com.vn\/en\/wp-json\/wp\/v2\/product\/13352","targetHints":{"allow":["GET"]}}],"collection":[{"href":"https:\/\/hedon.com.vn\/en\/wp-json\/wp\/v2\/product"}],"about":[{"href":"https:\/\/hedon.com.vn\/en\/wp-json\/wp\/v2\/types\/product"}],"replies":[{"embeddable":true,"href":"https:\/\/hedon.com.vn\/en\/wp-json\/wp\/v2\/comments?post=13352"}],"wp:featuredmedia":[{"embeddable":true,"href":"https:\/\/hedon.com.vn\/en\/wp-json\/wp\/v2\/media\/13353"}],"wp:attachment":[{"href":"https:\/\/hedon.com.vn\/en\/wp-json\/wp\/v2\/media?parent=13352"}],"wp:term":[{"taxonomy":"product_brand","embeddable":true,"href":"https:\/\/hedon.com.vn\/en\/wp-json\/wp\/v2\/product_brand?post=13352"},{"taxonomy":"product_cat","embeddable":true,"href":"https:\/\/hedon.com.vn\/en\/wp-json\/wp\/v2\/product_cat?post=13352"},{"taxonomy":"product_tag","embeddable":true,"href":"https:\/\/hedon.com.vn\/en\/wp-json\/wp\/v2\/product_tag?post=13352"}],"curies":[{"name":"wp","href":"https:\/\/api.w.org\/{rel}","templated":true}]}}