{"id":13374,"date":"2022-10-21T17:03:52","date_gmt":"2022-10-21T10:03:52","guid":{"rendered":"https:\/\/hedon.com.vn\/san-pham\/ruou-vang-do-moillard-bourgogne-pinot-noir\/"},"modified":"2026-04-28T16:43:27","modified_gmt":"2026-04-28T09:43:27","slug":"ruou-vang-do-moillard-bourgogne-pinot-noir","status":"publish","type":"product","link":"https:\/\/hedon.com.vn\/en\/san-pham\/ruou-vang-do-moillard-bourgogne-pinot-noir\/","title":{"rendered":"R\u01b0\u1ee3u vang Ph\u00e1p Moillard Bourgogne Pinot noir"},"content":{"rendered":"<p><strong>R\u01b0\u1ee3u vang Ph\u00e1p Moillard Bourgogne Pinot noir<\/strong> \u0111\u01b0\u1ee3c s\u1ea3n xu\u1ea5t theo ph\u01b0\u01a1ng Phap truy\u1ec1n th\u1ed1ng trong th\u00f9ng th\u00e9p kh\u00f4ng g\u1ec9 \u1edf m\u1ed9t nhi\u1ec7t \u0111\u1ed9 nh\u1ea5t \u0111\u1ecbnh. Tr\u01b0\u1edbc khi l\u00ean men &#8211; nhi\u1ec7t \u0111\u1ed9 \u0111\u01b0\u1ee3c \u0111i\u1ec1u ch\u1ec9nh \u1edf m\u1ee9c l\u1ea1nh. Qu\u00e1 tr\u00ecnh l\u00ean men d\u00e0i trong \u0111\u00f3 \u00e9p v\u00e0 b\u01a1m n\u01b0\u1edbc l\u00ean men \u0111\u01b0\u1ee3c th\u1ef1c hi\u1ec7n. R\u01b0\u1ee3u vang \u0111\u01b0\u1ee3c \u1ee7 trong c\u00e1c th\u00f9ng g\u1ed7 s\u1ed3i kho\u1ea3ng 10 th\u00e1ng. Th\u00f9ng g\u1ed7 s\u1ed3i \u0111\u00e3 \u0111\u01b0\u1ee3c s\u1eed d\u1ee5ng 1 &#8211; 5 l\u1ea7n v\u00e0 g\u1ed7 s\u1ed3i ch\u1ee7 y\u1ebfu c\u00f3 ngu\u1ed3n g\u1ed1c t\u1eeb khu v\u1ef1c Vosges<\/p>\n<p>Pinot noir l\u00e0 gi\u1ed1ng nho \u0111\u1ecf \u0111\u1eb7c tr\u01b0ng cho v\u00f9ng tr\u1ed3ng nho Burgundy. \u0110\u01b0\u1ee3c s\u1ea3n xu\u1ea5t t\u1ea1i Cote-d\u2019Or, Saone-et-Loire v\u00e0 Yonne, Bourgogne Pinot noir l\u00e0 chai r\u01b0\u1ee3u vang m\u1edf m\u00e0n cho c\u1ea3 m\u1ed9t b\u1ed9 s\u01b0u t\u1eadp r\u01b0\u1ee3u vang v\u1edbi ph\u00e2n h\u1ea1ng Premier Cru v\u00e0 Grand Cru c\u1ee7a Burgundy.<\/p>\n<p>R\u01b0\u1ee3u s\u1edf h\u1eefu m\u00e0u \u0111\u1ecf ruby \u0111\u1eb9p m\u1eaft. H\u01b0\u01a1ng th\u01a1m tuy\u1ec7t v\u1eddi c\u1ee7a r\u01b0\u1ee3u \u0111\u01b0\u1ee3c ghi ch\u00fa t\u1eeb c\u00e1c lo\u1ea1i tr\u00e1i c\u00e2y \u0111\u1ecf, nho v\u00e0 qu\u1ea3 m\u1ecdng. T\u1ea1i v\u00f2m mi\u1ec7ng, v\u1ecb r\u01b0\u1ee3u \u1ea5n t\u01b0\u1ee3ng v\u1edbi tannin m\u1ea1nh m\u1ebd c\u00f9ng ch\u00fat v\u1ecb cay n\u1ed3ng.<\/p>\n<p>V\u1edbi h\u01b0\u01a1ng v\u1ecb \u0111\u1eadm \u0111\u00e0, tr\u00f2n tr\u1ecba, chai r\u01b0\u1ee3u vang n\u00e0y l\u00e0 l\u1ef1a ch\u1ecdn l\u00fd t\u01b0\u1edfng khi \u0103n c\u00f9ng c\u00e1c m\u00f3n \u0103n t\u1eeb th\u1ecbt nh\u01b0 th\u1ecbt th\u1ecf, th\u1ecbt c\u1eebu, th\u1ecbt v\u1ecbt, th\u1ecbt n\u01b0\u1edbng, th\u1ecbt b\u00f2 hay th\u1ecbt b\u00ea h\u1ea7m. Ngo\u00e0i ra, c\u00f2n th\u00edch h\u1ee3p v\u1edbi c\u00e1c m\u00f3n \u0103n chay nh\u01b0 rau hay ph\u00f4 mai. Nhi\u1ec7t \u0111\u1ed9 u\u1ed1ng r\u01b0\u1ee3u ngon nh\u1ea5t l\u00e0 14 &#8211; 15\u00b0C.<\/p>\n","protected":false},"excerpt":{"rendered":"<p>R\u01b0\u1ee3u vang Ph\u00e1p Moillard Bourgogne Pinot noir \u0111\u01b0\u1ee3c s\u1ea3n xu\u1ea5t theo ph\u01b0\u01a1ng Phap truy\u1ec1n th\u1ed1ng trong th\u00f9ng th\u00e9p kh\u00f4ng g\u1ec9 \u1edf m\u1ed9t nhi\u1ec7t \u0111\u1ed9 nh\u1ea5t \u0111\u1ecbnh. Tr\u01b0\u1edbc khi l\u00ean men&#8230;<\/p>\n","protected":false},"featured_media":13375,"comment_status":"open","ping_status":"closed","template":"","meta":[],"product_brand":[],"product_cat":[1191],"product_tag":[1171,1405,1255,1256,1404],"class_list":{"0":"post-13374","1":"product","2":"type-product","3":"status-publish","4":"has-post-thumbnail","6":"product_cat-moillard","7":"product_tag-750ml","8":"product_tag-burgundy","9":"product_tag-pinot-noir","10":"product_tag-ruou-vang-do","11":"product_tag-ruou-vang-phap","12":"pa_dung-tich-750ml","13":"pa_giong-nho-pinot-noir","14":"pa_loai-vang-red-wine","15":"pa_nha-san-xuat-moillard","16":"pa_quoc-gia-france","17":"pa_vung-nho-burgundy","19":"first","20":"instock","21":"sale","22":"featured","23":"taxable","24":"shipping-taxable","25":"purchasable","26":"product-type-simple"},"_links":{"self":[{"href":"https:\/\/hedon.com.vn\/en\/wp-json\/wp\/v2\/product\/13374","targetHints":{"allow":["GET"]}}],"collection":[{"href":"https:\/\/hedon.com.vn\/en\/wp-json\/wp\/v2\/product"}],"about":[{"href":"https:\/\/hedon.com.vn\/en\/wp-json\/wp\/v2\/types\/product"}],"replies":[{"embeddable":true,"href":"https:\/\/hedon.com.vn\/en\/wp-json\/wp\/v2\/comments?post=13374"}],"wp:featuredmedia":[{"embeddable":true,"href":"https:\/\/hedon.com.vn\/en\/wp-json\/wp\/v2\/media\/13375"}],"wp:attachment":[{"href":"https:\/\/hedon.com.vn\/en\/wp-json\/wp\/v2\/media?parent=13374"}],"wp:term":[{"taxonomy":"product_brand","embeddable":true,"href":"https:\/\/hedon.com.vn\/en\/wp-json\/wp\/v2\/product_brand?post=13374"},{"taxonomy":"product_cat","embeddable":true,"href":"https:\/\/hedon.com.vn\/en\/wp-json\/wp\/v2\/product_cat?post=13374"},{"taxonomy":"product_tag","embeddable":true,"href":"https:\/\/hedon.com.vn\/en\/wp-json\/wp\/v2\/product_tag?post=13374"}],"curies":[{"name":"wp","href":"https:\/\/api.w.org\/{rel}","templated":true}]}}