{"id":13381,"date":"2022-10-21T17:03:51","date_gmt":"2022-10-21T10:03:51","guid":{"rendered":"https:\/\/hedon.com.vn\/san-pham\/ruou-vang-do-da-syrah\/"},"modified":"2026-04-28T16:43:36","modified_gmt":"2026-04-28T09:43:36","slug":"ruou-vang-do-da-syrah","status":"publish","type":"product","link":"https:\/\/hedon.com.vn\/en\/san-pham\/ruou-vang-do-da-syrah\/","title":{"rendered":"R\u01b0\u1ee3u vang Ph\u00e1p Domaine Astruc Da Syrah"},"content":{"rendered":"<p>Domaine Astruc \u0111\u01b0\u1ee3c mua l\u1ea1i v\u00e0o n\u0103m 2002 b\u1edfi Jean-Claude Mas, l\u00e2u \u0111\u00e0i n\u1eb1m \u1edf ch\u00e2n d\u00e3y n\u00fai Pyrenean, cao h\u01a1n m\u1ef1c n\u01b0\u1edbc bi\u1ec3n t\u1eeb 200 &#8211; 300 m trong v\u00f9ng Limoux . Domaine Astruc s\u1edf h\u1eefu 80 ha di\u1ec7n t\u00edch tr\u1ed3ng nho thu\u1ed9c AOP Limoux, AOP Malepere v\u00e0 IGP Pays d\u2019Oc.<\/p>\n<p>Domaines Astruc da Syrah l\u00e0 chai r\u01b0\u1ee3u vang \u0111\u1ecf \u0111\u01b0\u1ee3c l\u00e0m t\u1eeb 100% nho Syrah. C\u00e2y nho \u0111\u01b0\u1ee3c tr\u1ed3ng tr\u00ean \u0111\u1ea5t s\u00e9t ho\u1eb7c \u0111\u00e1 v\u00f4i c\u00f3 l\u1eabn s\u1ecfi, tu\u1ed5i th\u1ecd trung b\u00ecnh c\u1ee7a m\u1ed7i c\u00e2y nho l\u00e0 12 &#8211; 30 tu\u1ed5i. Nho \u0111\u01b0\u1ee3c thu ho\u1ea1ch v\u00e0o ban \u0111\u00eam \u0111\u1ec3 tr\u00e1nh b\u1ecb oxy h\u00f3a. Qu\u00e1 tr\u00ecnh l\u00ean men r\u01b0\u1ee3u vang di\u1ec5n ra trong 20 ng\u00e0y, bao g\u1ed3m c\u1ea3 qu\u00e1 tr\u00ecnh ng\u00e2m v\u1edbi v\u1ecf nho, th\u01b0\u1eddng xuy\u00ean b\u01a1m s\u1ee5c \u0111\u1ec3 t\u1ea1o h\u01b0\u01a1ng v\u1ecb v\u00e0 m\u00e0u s\u1eafc t\u1ed1t nh\u1ea5t cho r\u01b0\u1ee3u vang. Sau \u0111\u00f3, r\u01b0\u1ee3u vang \u0111\u01b0\u1ee3c \u00e9p nh\u1eb9 nh\u00e0ng b\u1eb1ng m\u00e1y \u00e9p kh\u00ed n\u00e9n. Qu\u00e1 tr\u00ecnh l\u00e3o h\u00f3a r\u01b0\u1ee3u vang sau \u0111\u00f3 \u0111\u01b0\u1ee3c chia th\u00e0nh 2 giai \u0111o\u1ea1n. Giai \u0111o\u1ea1n 1 ch\u1ec9 s\u1eed d\u1ee5ng 25% r\u01b0\u1ee3u vang, l\u00e3o h\u00f3a 4 th\u00e1ng trong th\u00f9ng g\u1ed7 s\u1ed3i, s\u1eed d\u1ee5ng th\u00f9ng g\u1ed7 s\u1ed3i M\u1ef9 v\u1edbi 20% l\u00e0 m\u1edbi. Giai \u0111o\u1ea1n 2, ph\u1ed1i tr\u1ed9n 25% r\u01b0\u1ee3u vang \u0111\u00e3 \u0111\u01b0\u1ee3c l\u00e3o h\u00f3a trong giai \u0111o\u1ea1n 1 v\u1edbi 75% r\u01b0\u1ee3u vang c\u00f2n l\u1ea1i.<\/p>\n<p>R\u01b0\u1ee3u vang c\u00f3 m\u00e0u \u0111\u1ecf t\u00edm m\u1ea1nh m\u1ebd. H\u01b0\u01a1ng th\u01a1m c\u1ee7a r\u01b0\u1ee3u l\u00e0 s\u1ef1 ph\u1ee9c h\u1ee3p c\u1ee7a h\u01b0\u01a1ng gia v\u1ecb, h\u1ea1t ti\u00eau \u0111en, h\u01b0\u01a1ng hoa violet c\u00f9ng qu\u1ea3 v\u1ecf \u0111en nh\u01b0 qu\u1ea3 m\u1ecdng \u0111en, cherry \u0111en, h\u01b0\u01a1ng v\u1ecb rang. V\u1ecb r\u01b0\u1ee3u tr\u00f2n tr\u1ecba, \u0111\u1ed9 axit v\u00e0 tannin m\u1ea1nh m\u1ebd nh\u01b0ng c\u00e2n b\u1eb1ng v\u1edbi nhau, c\u00f3 v\u1ecb ng\u1ecdt nh\u1eb9 nh\u00e0ng. H\u1eadu v\u1ecb k\u00e9o d\u00e0i, n\u1ed5i b\u1eadt v\u1edbi m\u00f9i thu\u1ed1c l\u00e1.<\/p>\n","protected":false},"excerpt":{"rendered":"<p>Domaine Astruc \u0111\u01b0\u1ee3c mua l\u1ea1i v\u00e0o n\u0103m 2002 b\u1edfi Jean-Claude Mas, l\u00e2u \u0111\u00e0i n\u1eb1m \u1edf ch\u00e2n d\u00e3y n\u00fai Pyrenean, cao h\u01a1n m\u1ef1c n\u01b0\u1edbc bi\u1ec3n t\u1eeb 200 &#8211; 300 m trong&#8230;<\/p>\n","protected":false},"featured_media":13382,"comment_status":"open","ping_status":"closed","template":"","meta":[],"product_brand":[],"product_cat":[1193],"product_tag":[1171,1432,1256,1404,1490,1516],"class_list":{"0":"post-13381","1":"product","2":"type-product","3":"status-publish","4":"has-post-thumbnail","6":"product_cat-chateau-paul-mas","7":"product_tag-750ml","8":"product_tag-languedoc-roussillon","9":"product_tag-ruou-vang-do","10":"product_tag-ruou-vang-phap","11":"product_tag-syrah","12":"product_tag-vang-gia-tot","13":"pa_dung-tich-750ml","14":"pa_giong-nho-syrah","15":"pa_loai-vang-red-wine","16":"pa_nha-san-xuat-chateau-paul-mas","17":"pa_quoc-gia-france","18":"pa_vung-nho-languedoc-roussillon","20":"first","21":"instock","22":"taxable","23":"shipping-taxable","24":"purchasable","25":"product-type-simple"},"_links":{"self":[{"href":"https:\/\/hedon.com.vn\/en\/wp-json\/wp\/v2\/product\/13381","targetHints":{"allow":["GET"]}}],"collection":[{"href":"https:\/\/hedon.com.vn\/en\/wp-json\/wp\/v2\/product"}],"about":[{"href":"https:\/\/hedon.com.vn\/en\/wp-json\/wp\/v2\/types\/product"}],"replies":[{"embeddable":true,"href":"https:\/\/hedon.com.vn\/en\/wp-json\/wp\/v2\/comments?post=13381"}],"wp:featuredmedia":[{"embeddable":true,"href":"https:\/\/hedon.com.vn\/en\/wp-json\/wp\/v2\/media\/13382"}],"wp:attachment":[{"href":"https:\/\/hedon.com.vn\/en\/wp-json\/wp\/v2\/media?parent=13381"}],"wp:term":[{"taxonomy":"product_brand","embeddable":true,"href":"https:\/\/hedon.com.vn\/en\/wp-json\/wp\/v2\/product_brand?post=13381"},{"taxonomy":"product_cat","embeddable":true,"href":"https:\/\/hedon.com.vn\/en\/wp-json\/wp\/v2\/product_cat?post=13381"},{"taxonomy":"product_tag","embeddable":true,"href":"https:\/\/hedon.com.vn\/en\/wp-json\/wp\/v2\/product_tag?post=13381"}],"curies":[{"name":"wp","href":"https:\/\/api.w.org\/{rel}","templated":true}]}}