{"id":13385,"date":"2022-10-21T17:03:50","date_gmt":"2022-10-21T10:03:50","guid":{"rendered":"https:\/\/hedon.com.vn\/san-pham\/ruou-vang-do-da-cabernet-sauvignon\/"},"modified":"2026-04-28T16:43:39","modified_gmt":"2026-04-28T09:43:39","slug":"ruou-vang-do-da-cabernet-sauvignon","status":"publish","type":"product","link":"https:\/\/hedon.com.vn\/en\/san-pham\/ruou-vang-do-da-cabernet-sauvignon\/","title":{"rendered":"R\u01b0\u1ee3u vang Ph\u00e1p Da Cabernet Sauvignon"},"content":{"rendered":"<p>Domaine Astruc \u0111\u01b0\u1ee3c mua l\u1ea1i v\u00e0o n\u0103m 2002 b\u1edfi Jean-Claude Mas, l\u00e2u \u0111\u00e0i n\u1eb1m \u1edf ch\u00e2n d\u00e3y n\u00fai Pyrenean, cao h\u01a1n m\u1ef1c n\u01b0\u1edbc bi\u1ec3n t\u1eeb 200 &#8211; 300 m trong v\u00f9ng Limoux . Domaine Astruc s\u1edf h\u1eefu 80 ha di\u1ec7n t\u00edch tr\u1ed3ng nho thu\u1ed9c AOP Limoux, AOP Malepere v\u00e0 IGP Pays d\u2019Oc. V\u01b0\u1eddn nho c\u00f3 tu\u1ed5i \u0111\u1eddi t\u1eeb 20 &#8211; 30 n\u0103m tr\u00ean n\u1ec1n \u0111\u1ea5t s\u00e9t, \u0111\u1ea5t \u0111\u00e1 v\u00f4i v\u00e0 c\u00e1t v\u00e0 th\u1eeba h\u01b0\u1edfng kh\u00ed h\u1eadu \u0110\u1ecba Trung H\u1ea3i.<\/p>\n<p>Domaines Astruc da Cabernet Sauvignon l\u00e0 chai r\u01b0\u1ee3u vang \u0111\u1ecf \u0111\u01b0\u1ee3c l\u00e0m t\u1eeb 100% nho Cabernet Sauvignon. Qu\u00e1 tr\u00ecnh l\u00ean men r\u01b0\u1ee3u vang \u0111\u01b0\u1ee3c di\u1ec5n ra trong th\u00f9ng th\u00e9p kh\u00f4ng g\u1ec9 \u1edf nhi\u1ec7t \u0111\u1ed9 kh\u00f4ng qu\u00e1 26 \u0111\u1ed9 C, b\u01a1m s\u1ee5c 2 l\u1ea7n\/ ng\u00e0y \u0111\u1ec3 t\u1ea1o h\u01b0\u01a1ng v\u1ecb. R\u01b0\u1ee3u vang \u0111\u01b0\u1ee3c ng\u00e2m c\u00f9ng v\u1edbi v\u1ecf nho \u1edf nhi\u1ec7t \u0111\u1ed9 25 \u0111\u1ed9 C trong 18 ng\u00e0y \u0111\u1ec3 t\u1ea1o n\u00ean m\u00e0u s\u1eafc. Sau \u0111\u00f3, r\u01b0\u1ee3u vang \u0111\u01b0\u1ee3c l\u00e3o h\u00f3a v\u1edbi 20% trong th\u00f9ng g\u1ed7 s\u1ed3i \u0111\u00e3 s\u1eed d\u1ee5ng 1 &#8211; 2 n\u0103m, th\u1eddi gian l\u00e0 4 th\u00e1ng. 80% r\u01b0\u1ee3u vang c\u00f2n l\u1ea1i c\u0169ng \u0111\u01b0\u1ee3c l\u00e3o h\u00f3a trong 4 th\u00e1ng nh\u01b0ng \u1edf trong th\u00f9ng th\u00e9p kh\u00f4ng g\u1ec9 v\u1edbi nhi\u1ec7t \u0111\u1ed9 \u0111\u01b0\u1ee3c ki\u1ec3m so\u00e1t ch\u1eb7t ch\u1ebd.<\/p>\n<p>R\u01b0\u1ee3u vang c\u00f3 m\u00e0u \u0111\u1ecf t\u00edm \u0111\u1eb9p m\u1eaft. H\u01b0\u01a1ng th\u01a1m c\u1ee7a r\u01b0\u1ee3u l\u00e0 s\u1ef1 ph\u1ee9c h\u1ee3p tuy\u1ec7t v\u1eddi t\u1eeb qu\u1ea3 \u0111\u1ecf, n\u1ed5i b\u1eadt nh\u01b0 qu\u1ea3 d\u00e2u t\u00e2y, cacao \u0111an xen c\u00f9ng m\u00f9i thu\u1ed1c l\u00e1, h\u1ea1t ti\u00eau \u0111en, m\u00f9i \u0111\u01b0\u1eddng ch\u00e1y, b\u00e1nh m\u00ec n\u01b0\u1edbng v\u00e0 vani. V\u1ecb r\u01b0\u1ee3u kh\u00f4ng qu\u00e1 \u0111\u1eadm \u0111\u1eb7c, kh\u00e1 d\u1ec5 u\u1ed1ng. R\u01b0\u1ee3u c\u00f3 \u0111\u1ed9 axit v\u00e0 tannin kh\u00e1 m\u1ea1nh nh\u01b0ng h\u00e0i h\u00f2a, c\u1ea5u tr\u00fac c\u00e2n b\u1eb1ng v\u00e0 c\u00f3 v\u1ecb ng\u1ecdt nh\u1eb9. H\u1eadu v\u1ecb k\u00e9o d\u00e0i v\u1edbi v\u1ecb tr\u00e1i c\u00e2y dai d\u1eb3ng v\u00e0 cay n\u1ed3ng.<\/p>\n","protected":false},"excerpt":{"rendered":"<p>Domaine Astruc \u0111\u01b0\u1ee3c mua l\u1ea1i v\u00e0o n\u0103m 2002 b\u1edfi Jean-Claude Mas, l\u00e2u \u0111\u00e0i n\u1eb1m \u1edf ch\u00e2n d\u00e3y n\u00fai Pyrenean, cao h\u01a1n m\u1ef1c n\u01b0\u1edbc bi\u1ec3n t\u1eeb 200 &#8211; 300 m trong&#8230;<\/p>\n","protected":false},"featured_media":13386,"comment_status":"open","ping_status":"closed","template":"","meta":[],"product_brand":[],"product_cat":[1193],"product_tag":[1171,1416,1432,1256,1404,1516],"class_list":{"0":"post-13385","1":"product","2":"type-product","3":"status-publish","4":"has-post-thumbnail","6":"product_cat-chateau-paul-mas","7":"product_tag-750ml","8":"product_tag-cabernet-sauvignon","9":"product_tag-languedoc-roussillon","10":"product_tag-ruou-vang-do","11":"product_tag-ruou-vang-phap","12":"product_tag-vang-gia-tot","13":"pa_dung-tich-750ml","14":"pa_giong-nho-cabernet-sauvignon","15":"pa_loai-vang-red-wine","16":"pa_nha-san-xuat-chateau-paul-mas","17":"pa_quoc-gia-france","18":"pa_vung-nho-languedoc-roussillon","20":"first","21":"instock","22":"taxable","23":"shipping-taxable","24":"purchasable","25":"product-type-simple"},"_links":{"self":[{"href":"https:\/\/hedon.com.vn\/en\/wp-json\/wp\/v2\/product\/13385","targetHints":{"allow":["GET"]}}],"collection":[{"href":"https:\/\/hedon.com.vn\/en\/wp-json\/wp\/v2\/product"}],"about":[{"href":"https:\/\/hedon.com.vn\/en\/wp-json\/wp\/v2\/types\/product"}],"replies":[{"embeddable":true,"href":"https:\/\/hedon.com.vn\/en\/wp-json\/wp\/v2\/comments?post=13385"}],"wp:featuredmedia":[{"embeddable":true,"href":"https:\/\/hedon.com.vn\/en\/wp-json\/wp\/v2\/media\/13386"}],"wp:attachment":[{"href":"https:\/\/hedon.com.vn\/en\/wp-json\/wp\/v2\/media?parent=13385"}],"wp:term":[{"taxonomy":"product_brand","embeddable":true,"href":"https:\/\/hedon.com.vn\/en\/wp-json\/wp\/v2\/product_brand?post=13385"},{"taxonomy":"product_cat","embeddable":true,"href":"https:\/\/hedon.com.vn\/en\/wp-json\/wp\/v2\/product_cat?post=13385"},{"taxonomy":"product_tag","embeddable":true,"href":"https:\/\/hedon.com.vn\/en\/wp-json\/wp\/v2\/product_tag?post=13385"}],"curies":[{"name":"wp","href":"https:\/\/api.w.org\/{rel}","templated":true}]}}