{"id":13387,"date":"2022-10-21T17:03:50","date_gmt":"2022-10-21T10:03:50","guid":{"rendered":"https:\/\/hedon.com.vn\/san-pham\/ruou-vang-trang-da-chardonnay-reserve\/"},"modified":"2026-04-28T16:43:41","modified_gmt":"2026-04-28T09:43:41","slug":"ruou-vang-trang-da-chardonnay-reserve","status":"publish","type":"product","link":"https:\/\/hedon.com.vn\/en\/san-pham\/ruou-vang-trang-da-chardonnay-reserve\/","title":{"rendered":"R\u01b0\u1ee3u vang Ph\u00e1p dA Astruc Chardonnay Reserve"},"content":{"rendered":"<p>Domaine Astruc \u0111\u01b0\u1ee3c mua l\u1ea1i v\u00e0o n\u0103m 2002 b\u1edfi Jean-Claude Mas, l\u00e2u \u0111\u00e0i n\u1eb1m \u1edf ch\u00e2n d\u00e3y n\u00fai Pyrenean, cao h\u01a1n m\u1ef1c n\u01b0\u1edbc bi\u1ec3n t\u1eeb 200 &#8211; 300 m trong v\u00f9ng Limoux . Domaine Astruc s\u1edf h\u1eefu 80 ha di\u1ec7n t\u00edch tr\u1ed3ng nho thu\u1ed9c AOP Limoux, AOP Malepere v\u00e0 IGP Pays d\u2019Oc. V\u01b0\u1eddn nho c\u00f3 tu\u1ed5i \u0111\u1eddi t\u1eeb 20 &#8211; 30 n\u0103m tr\u00ean n\u1ec1n \u0111\u1ea5t s\u00e9t, \u0111\u1ea5t \u0111\u00e1 v\u00f4i v\u00e0 c\u00e1t v\u00e0 th\u1eeba h\u01b0\u1edfng kh\u00ed h\u1eadu \u0110\u1ecba Trung H\u1ea3i.<\/p>\n<p>Domaines Astruc da Chardonnay Reserve l\u00e0 chai r\u01b0\u1ee3u vang tr\u1eafng \u0111\u01b0\u1ee3c l\u00e0m t\u1eeb nho Chardonnay v\u00e0 nho Mauzac. Qu\u00e1 tr\u00ecnh l\u00ean men r\u01b0\u1ee3u di\u1ec5n ra \u1edf nhi\u1ec7t \u0111\u1ed9 16 \u0111\u1ed9 v\u1edbi 1 ph\u1ea7n \u0111\u01b0\u1ee3c l\u00ean men malolactic (~ 60%) \u0111\u1ec3 b\u1ea3o to\u00e0n axit t\u1ef1 nhi\u00ean. Sau \u0111\u00f3, r\u01b0\u1ee3u vang \u0111\u01b0\u1ee3c l\u00e3o h\u00f3a trong th\u00f9ng g\u1ed7 s\u1ed3i, trong \u0111\u00f3 \u2153 l\u00e0 th\u00f9ng g\u1ed7 s\u1ed3i m\u1edbi v\u00e0 \u2154 l\u00e0 th\u00f9ng c\u00f3 2 n\u0103m tu\u1ed5i. Th\u00f9ng \u0111\u01b0\u1ee3c s\u1eed d\u1ee5ng 50% l\u00e0 th\u00f9ng g\u1ed7 s\u1ed3i Phap v\u00e0 50% th\u00f9ng g\u1ed7 s\u1ed3i M\u1ef9.<\/p>\n<p>R\u01b0\u1ee3u vang c\u00f3 m\u00e0u v\u00e0ng t\u01b0\u01a1i nh\u1eb9 nh\u00e0ng. H\u01b0\u01a1ng th\u01a1m c\u1ee7a r\u01b0\u1ee3u ph\u1ee9c h\u1ee3p v\u1edbi h\u01b0\u01a1ng hoa h\u1ed3ng n\u1ed3ng n\u00e0n, h\u01b0\u01a1ng ng\u1ecdt nh\u1eb9, h\u01b0\u01a1ng vani c\u00f9ng m\u00f9i qu\u1ea3 d\u1ee9a, chanh v\u00e0 m\u1ed9c qua. R\u01b0\u1ee3u c\u00f3 \u0111\u1ed9 axit trung b\u00ecnh, g\u1ea7n nh\u01b0 kh\u00f4ng c\u00f3 v\u1ecb ng\u1ecdt. H\u1eadu v\u1ecb k\u00e9o d\u00e0i v\u1edbi v\u1ecb tr\u00e1i c\u00e2y, cam qu\u00fdt.<\/p>\n<p>R\u01b0\u1ee3u n\u00ean \u0111\u01b0\u1ee3c l\u00e0m l\u1ea1nh \u1edf nhi\u1ec7t \u0111\u1ed9 10 &#8211; 12 \u0111\u1ed9 tr\u01b0\u1edbc khi u\u1ed1ng \u0111\u1ec3 h\u01b0\u01a1ng v\u1ecb r\u01b0\u1ee3u \u0111\u01b0\u1ee3c ngon nh\u1ea5t. M\u00f3n \u0103n ph\u00f9 h\u1ee3p \u0111i k\u00e8m v\u1edbi chai r\u01b0\u1ee3u n\u00e0y l\u00e0 c\u00e1c m\u00f3n nh\u01b0 th\u1ecbt gia c\u1ea7m, th\u1ecbt b\u00ea, c\u00e1 v\u00e0 rau s\u1ed1ng.<\/p>\n<p>&nbsp;<\/p>\n","protected":false},"excerpt":{"rendered":"<p>Domaine Astruc \u0111\u01b0\u1ee3c mua l\u1ea1i v\u00e0o n\u0103m 2002 b\u1edfi Jean-Claude Mas, l\u00e2u \u0111\u00e0i n\u1eb1m \u1edf ch\u00e2n d\u00e3y n\u00fai Pyrenean, cao h\u01a1n m\u1ef1c n\u01b0\u1edbc bi\u1ec3n t\u1eeb 200 &#8211; 300 m trong&#8230;<\/p>\n","protected":false},"featured_media":13388,"comment_status":"open","ping_status":"closed","template":"","meta":[],"product_brand":[],"product_cat":[1193],"product_tag":[1171,1402,1432,1404,1174,1516],"class_list":{"0":"post-13387","1":"product","2":"type-product","3":"status-publish","4":"has-post-thumbnail","6":"product_cat-chateau-paul-mas","7":"product_tag-750ml","8":"product_tag-chardonnay","9":"product_tag-languedoc-roussillon","10":"product_tag-ruou-vang-phap","11":"product_tag-ruou-vang-trang","12":"product_tag-vang-gia-tot","13":"pa_dung-tich-750ml","14":"pa_giong-nho-chardonnay","15":"pa_loai-vang-white-wine","16":"pa_nha-san-xuat-chateau-paul-mas","17":"pa_quoc-gia-france","18":"pa_vung-nho-languedoc-roussillon","20":"first","21":"instock","22":"taxable","23":"shipping-taxable","24":"purchasable","25":"product-type-simple"},"_links":{"self":[{"href":"https:\/\/hedon.com.vn\/en\/wp-json\/wp\/v2\/product\/13387","targetHints":{"allow":["GET"]}}],"collection":[{"href":"https:\/\/hedon.com.vn\/en\/wp-json\/wp\/v2\/product"}],"about":[{"href":"https:\/\/hedon.com.vn\/en\/wp-json\/wp\/v2\/types\/product"}],"replies":[{"embeddable":true,"href":"https:\/\/hedon.com.vn\/en\/wp-json\/wp\/v2\/comments?post=13387"}],"wp:featuredmedia":[{"embeddable":true,"href":"https:\/\/hedon.com.vn\/en\/wp-json\/wp\/v2\/media\/13388"}],"wp:attachment":[{"href":"https:\/\/hedon.com.vn\/en\/wp-json\/wp\/v2\/media?parent=13387"}],"wp:term":[{"taxonomy":"product_brand","embeddable":true,"href":"https:\/\/hedon.com.vn\/en\/wp-json\/wp\/v2\/product_brand?post=13387"},{"taxonomy":"product_cat","embeddable":true,"href":"https:\/\/hedon.com.vn\/en\/wp-json\/wp\/v2\/product_cat?post=13387"},{"taxonomy":"product_tag","embeddable":true,"href":"https:\/\/hedon.com.vn\/en\/wp-json\/wp\/v2\/product_tag?post=13387"}],"curies":[{"name":"wp","href":"https:\/\/api.w.org\/{rel}","templated":true}]}}