{"id":13407,"date":"2022-10-19T11:14:13","date_gmt":"2022-10-19T04:14:13","guid":{"rendered":"https:\/\/hedon.com.vn\/san-pham\/ruou-vang-tinto-pesquera-millenium\/"},"modified":"2026-04-28T16:43:55","modified_gmt":"2026-04-28T09:43:55","slug":"ruou-vang-tinto-pesquera-millenium","status":"publish","type":"product","link":"https:\/\/hedon.com.vn\/en\/san-pham\/ruou-vang-tinto-pesquera-millenium\/","title":{"rendered":"R\u01b0\u1ee3u vang T\u00e2y Ban Nha Tinto Pesquera Millenium"},"content":{"rendered":"<p style=\"text-align: justify;\"><span style=\"font-size: 14px;\"><strong>Tinto Pesquera,<\/strong> m\u1ed9t c\u01a1 s\u1edf s\u1ea3n xu\u1ea5t r\u01b0\u1ee3u vang h\u00e0ng \u0111\u1ea7u c\u1ee7a <strong>Grupo Pesquera,<\/strong> t\u00ean tu\u1ed5i g\u1eafn li\u1ec1n v\u1edbi vi\u1ec7c s\u1ea3n xu\u1ea5t m\u1ed9t s\u1ed1 chai r\u01b0\u1ee3u vang t\u1eeb nho <strong>Tempranillo<\/strong> \u0111\u01b0\u1ee3c s\u0103n l\u00f9ng nhi\u1ec1u nh\u1ea5t tr\u00ean th\u1ebf gi\u1edbi, trong \u0111\u00f3, c\u00e1i t\u00ean <strong>Tinto Pesquera Millenium Reserva<\/strong> \u0111\u1ee9ng \u1edf v\u1ecb tr\u00ed h\u00e0ng \u0111\u1ea7u. Nh\u1eefng chai r\u01b0\u1ee3u vang n\u00e0y ch\u1ec9 \u0111\u01b0\u1ee3c s\u1ea3n xu\u1ea5t v\u1edbi m\u1ed9t s\u1ed1 l\u01b0\u1ee3ng nh\u1ea5t \u0111\u1ecbnh, c\u00e0ng l\u00e0m cho nh\u1eefng ng\u01b0\u1eddi y\u00eau th\u00edch r\u01b0\u1ee3u vang khao kh\u00e1t s\u1edf h\u1eefu n\u00f3.\u00a0<\/span><\/p>\n<p style=\"text-align: justify;\"><span style=\"font-size: 14px;\"><strong>R\u01b0\u1ee3u vang Tinto Pesquera Millenium Reserva <\/strong>\u0111\u01b0\u1ee3c l\u00e0m t\u1eeb 100% <strong>nho Tempranillo, <\/strong>\u0111\u01b0\u1ee3c tr\u1ed3ng t\u1ea1i <strong>Vina Alta,<\/strong> n\u01a1i m\u00e0 <strong>Alejandro-Ferandez<\/strong> \u0111\u00e3 tr\u1ed3ng nh\u1eefng c\u00e2y nho \u0111\u1ea7u ti\u00ean v\u00e0o cu\u1ed1i nh\u1eefng n\u0103m 1960 v\u00e0 \u0111\u1ea7u nh\u1eefng n\u0103m 1970. V\u00f9ng \u0111\u1ea5t v\u1edbi \u0111\u1ecba h\u00ecnh \u0111\u1eb7c bi\u1ec7t n\u1eb1m \u1edf \u0111\u1ed9 cao h\u01a1n 800m so v\u1edbi m\u1ef1c n\u01b0\u1edbc bi\u1ec3n, m\u1ed7i n\u0103m kh\u00f4ng mang \u0111\u1ebfn m\u1ed9t s\u1ea3n l\u01b0\u1ee3ng qu\u00e1 nhi\u1ec1u nh\u01b0ng ch\u1ea5t l\u01b0\u1ee3ng nho lu\u00f4n \u0111\u1ea1t \u1edf m\u1ee9c th\u01b0\u1ee3ng h\u1ea1ng.\u00a0<\/span><\/p>\n<p style=\"text-align: justify;\"><span style=\"font-size: 14px;\">Nho sau khi \u0111\u01b0\u1ee3c \u00e9p th\u00e0nh n\u01b0\u1edbc s\u1ebd ti\u1ebfn h\u00e0nh l\u00ean men r\u01b0\u1ee3u trong th\u00f9ng th\u00e9p kh\u00f4ng g\u1ec9 6 &#8211; 10 ng\u00e0y \u1edf nhi\u1ec7t \u0111\u1ed9 h\u1ea7m l\u00e0 20 &#8211; 25 \u0111\u1ed9 C. Sau \u0111\u00f3, r\u01b0\u1ee3u vang \u0111\u01b0\u1ee3c l\u00e3o h\u00f3a 30 th\u00e1ng trong th\u00f9ng g\u1ed7 s\u1ed3i Phap. Trong \u0111\u00f3, r\u01b0\u1ee3u vang \u0111\u01b0\u1ee3c lu\u00e2n chuy\u1ec3n gi\u1eefa c\u00e1c th\u00f9ng 4 l\u1ea7n trong 12 th\u00e1ng \u0111\u1ea7u v\u00e0 th\u00eam 2 &#8211; 3 l\u1ea7n\/ n\u0103m trong th\u1eddi gian c\u00f2n l\u1ea1i. Ch\u01b0a h\u1ebft, r\u01b0\u1ee3u vang c\u00f2n \u0111\u01b0\u1ee3c l\u00e3o h\u00f3a trong chai th\u00eam 10 th\u00e1ng tr\u01b0\u1edbc khi \u0111\u01b0\u1ee3c \u0111\u01b0a ra th\u1ecb tr\u01b0\u1eddng.\u00a0<\/span><\/p>\n<p style=\"text-align: justify;\"><span style=\"font-size: 14px;\"><strong>R\u01b0\u1ee3u vang cao c\u1ea5p Tinto Pesquera Millenium Reserva<\/strong> c\u00f3 m\u00e0u \u0111\u1ecf cherry, tinh t\u1ebf v\u00e0 m\u00e3nh li\u1ec7t. H\u01b0\u01a1ng th\u01a1m c\u1ee7a r\u01b0\u1ee3u n\u1ed5i b\u1eadt v\u1edbi h\u01b0\u01a1ng tr\u00e1i c\u00e2y t\u1ef1 nhi\u00ean c\u00f9ng h\u01b0\u01a1ng g\u1ed7 s\u1ed3i \u0111\u1eadm \u0111\u00e0, m\u1ed9t s\u1ef1 c\u00e2n b\u1eb1ng ho\u00e0n h\u1ea3o gi\u1eefa tr\u00e1i c\u00e2y nhi\u1ec7t \u0111\u1edbi v\u1edbi nho \u0111en v\u00e0 qu\u1ea3 m\u1ecdng \u0111en, c\u00f9ng \u0111an xen v\u1edbi h\u01b0\u01a1ng cam th\u1ea3o t\u1ef1 nhi\u00ean, h\u01b0\u01a1ng gia v\u1ecb v\u00e0 m\u1ed9t ch\u00fat h\u01b0\u01a1ng cafe. R\u01b0\u1ee3u vang c\u00f3 c\u1ea5u tr\u00fac ch\u1eb7t ch\u1ebd, \u0111\u1ea7y \u0111\u1eb7n \u1edf v\u00f2m mi\u1ec7ng v\u1edbi h\u01b0\u01a1ng v\u1ecb tr\u00e1i c\u00e2y. V\u1ecb r\u01b0\u1ee3u lan t\u1ecfa mang l\u1ea1i c\u1ea3m gi\u00e1c thanh l\u1ecbch, h\u00e0o ph\u00f3ng v\u1edbi tannin m\u1ea1nh m\u1ebd. \u0110\u1ed9 axit v\u1eeba ph\u1ea3i l\u00e0 s\u1ef1 b\u1ed5 sung ho\u00e0n h\u1ea3o cho s\u1ef1 b\u00f9ng n\u1ed5 t\u1ea1i v\u00f2m mi\u1ec7ng. <strong>Tinto Pesquera Millenium Reserva &#8211; <\/strong>m\u1ed9t chai r\u01b0\u1ee3u vang thanh l\u1ecbch, m\u01b0\u1ee3t m\u00e0, \u0111\u1eb7c tr\u01b0ng cho h\u01b0\u01a1ng v\u1ecb r\u01b0\u1ee3u vang \u0111\u01b0\u1ee3c l\u00e3o h\u00f3a d\u00e0i trong th\u00f9ng g\u1ed7 s\u1ed3i Phap.\u00a0<\/span><\/p>\n<p style=\"text-align: justify;\"><span style=\"font-size: 14px;\">Th\u01b0\u1edfng th\u1ee9c h\u01b0\u01a1ng v\u1ecb r\u01b0\u1ee3u ngon nh\u1ea5t khi r\u01b0\u1ee3u \u0111\u01b0\u1ee3c l\u00e0m m\u00e1t \u1edf nhi\u1ec7t \u0111\u1ed9 12 &#8211; 14 \u0111\u1ed9 C. S\u1ef1 k\u1ebft h\u1ee3p l\u00fd t\u01b0\u1edfng v\u1edbi t\u1ea5t c\u1ea3 m\u00f3n \u0103n t\u1eeb th\u1ecbt \u0111\u1ecf hay th\u1ecbt tr\u1eafng, \u0111\u1ed3 rang. Ngo\u00e0i ra, c\u00f2n b\u1ed5 sung tuy\u1ec7t v\u1eddi cho h\u01b0\u01a1ng v\u1ecb c\u1ee7a b\u1ea5t k\u1ef3 m\u00f3n th\u1ecbt h\u1ea7m n\u00e0o.\u00a0<\/span><\/p>\n","protected":false},"excerpt":{"rendered":"<p>Tinto Pesquera, m\u1ed9t c\u01a1 s\u1edf s\u1ea3n xu\u1ea5t r\u01b0\u1ee3u vang h\u00e0ng \u0111\u1ea7u c\u1ee7a Grupo Pesquera, t\u00ean tu\u1ed5i g\u1eafn li\u1ec1n v\u1edbi vi\u1ec7c s\u1ea3n xu\u1ea5t m\u1ed9t s\u1ed1 chai r\u01b0\u1ee3u vang t\u1eeb nho Tempranillo&#8230;<\/p>\n","protected":false},"featured_media":13408,"comment_status":"open","ping_status":"closed","template":"","meta":[],"product_brand":[],"product_cat":[1746],"product_tag":[1171,1684,1256,1462,1470],"class_list":{"0":"post-13407","1":"product","2":"type-product","3":"status-publish","4":"has-post-thumbnail","6":"product_cat-tinto-pesquera","7":"product_tag-750ml","8":"product_tag-ribera-del-duero","9":"product_tag-ruou-vang-do","10":"product_tag-ruou-vang-tay-ban-nha","11":"product_tag-tempranillo","12":"pa_dung-tich-750ml","13":"pa_giong-nho-tempranillo","14":"pa_loai-vang-red-wine","15":"pa_nha-san-xuat-tinto-pesquera","16":"pa_quoc-gia-spain","17":"pa_vung-nho-ribera-del-duero","19":"first","20":"instock","21":"taxable","22":"shipping-taxable","23":"purchasable","24":"product-type-simple"},"_links":{"self":[{"href":"https:\/\/hedon.com.vn\/en\/wp-json\/wp\/v2\/product\/13407","targetHints":{"allow":["GET"]}}],"collection":[{"href":"https:\/\/hedon.com.vn\/en\/wp-json\/wp\/v2\/product"}],"about":[{"href":"https:\/\/hedon.com.vn\/en\/wp-json\/wp\/v2\/types\/product"}],"replies":[{"embeddable":true,"href":"https:\/\/hedon.com.vn\/en\/wp-json\/wp\/v2\/comments?post=13407"}],"wp:featuredmedia":[{"embeddable":true,"href":"https:\/\/hedon.com.vn\/en\/wp-json\/wp\/v2\/media\/13408"}],"wp:attachment":[{"href":"https:\/\/hedon.com.vn\/en\/wp-json\/wp\/v2\/media?parent=13407"}],"wp:term":[{"taxonomy":"product_brand","embeddable":true,"href":"https:\/\/hedon.com.vn\/en\/wp-json\/wp\/v2\/product_brand?post=13407"},{"taxonomy":"product_cat","embeddable":true,"href":"https:\/\/hedon.com.vn\/en\/wp-json\/wp\/v2\/product_cat?post=13407"},{"taxonomy":"product_tag","embeddable":true,"href":"https:\/\/hedon.com.vn\/en\/wp-json\/wp\/v2\/product_tag?post=13407"}],"curies":[{"name":"wp","href":"https:\/\/api.w.org\/{rel}","templated":true}]}}