{"id":13409,"date":"2022-10-19T11:14:13","date_gmt":"2022-10-19T04:14:13","guid":{"rendered":"https:\/\/hedon.com.vn\/san-pham\/ruou-vang-tinto-pesquera-reserva\/"},"modified":"2026-04-28T16:43:56","modified_gmt":"2026-04-28T09:43:56","slug":"ruou-vang-tinto-pesquera-reserva","status":"publish","type":"product","link":"https:\/\/hedon.com.vn\/en\/san-pham\/ruou-vang-tinto-pesquera-reserva\/","title":{"rendered":"R\u01b0\u1ee3u vang T\u00e2y Ban Nha Tinto Pesquera Reserva"},"content":{"rendered":"<p style=\"text-align: justify;\"><span style=\"font-size: 14px;\"><strong>Tinto Pesquera Reserva &#8211;<\/strong> l\u00e0 m\u1ed9t trong nh\u1eefng chai r\u01b0\u1ee3u vang cao c\u1ea5p c\u1ee7a nh\u00e0 <strong>Tinto Pesquera,<\/strong> \u0111\u01b0\u1ee3c c\u1ea3 th\u1ebf gi\u1edbi ng\u01b0\u1ee1ng m\u1ed9 b\u1edfi s\u1ef1 tinh t\u1ebf, m\u1ea1nh m\u1ebd, l\u00e0 m\u1ed9t \u0111\u1ea1i di\u1ec7n ti\u00eau bi\u1ec3u cho v\u1ebb \u0111\u1eb9p sang tr\u1ecdng, c\u1ed5 \u0111i\u1ec3n, k\u1ebft qu\u1ea3 c\u1ee7a c\u1ea3 m\u1ed9t qu\u00e1 tr\u00ecnh l\u00e3o h\u00f3a r\u01b0\u1ee3u vang trong su\u1ed1t m\u1ed9t th\u1eddi gian d\u00e0i t\u1eeb nho <strong>Tempranillo.<\/strong><\/span><\/p>\n<p style=\"text-align: justify;\"><span style=\"font-size: 14px;\">M\u1ed7i n\u0103m, s\u1ea3n l\u01b0\u1ee3ng nho ch\u1ea5t l\u01b0\u1ee3ng \u0111\u01b0\u1ee3c ch\u1ecdn l\u1ecdc \u0111\u1ec3 l\u00e0m r\u01b0\u1ee3u vang ch\u1ec9 kho\u1ea3ng 50% c\u1ea3 v\u01b0\u1eddn nho. \u0110i\u1ec1u n\u00e0y ch\u1ee9ng t\u1ecf <strong>Tinto Pesquera <\/strong>\u0111\u1eb7t ch\u1ea5t l\u01b0\u1ee3ng r\u01b0\u1ee3u vang h\u1ea3o h\u1ea1ng l\u00ean h\u00e0ng \u0111\u1ea7u. Nho sau \u0111\u00f3 \u0111\u01b0\u1ee3c b\u1ea3o qu\u1ea3n trong th\u00f9ng th\u00e9p kh\u00f4ng g\u1ec9 \u0111\u1ec3 gi\u1eef g\u00ecn nh\u1eefng h\u01b0\u01a1ng v\u1ecb t\u1ef1 nhi\u00ean nh\u1ea5t. L\u00ean men r\u01b0\u1ee3u vang trong 6 &#8211; 10 ng\u00e0y \u1edf nhi\u1ec7t \u0111\u1ed9 h\u1ea7m l\u00e0 20 &#8211; 25 \u0111\u1ed9 C. R\u01b0\u1ee3u vang \u0111\u01b0\u1ee3c l\u00e3o h\u00f3a 24 th\u00e1ng trong th\u00f9ng g\u1ed7 s\u1ed3i M\u1ef9. R\u01b0\u1ee3u \u0111\u01b0\u1ee3c lu\u00e2n chuy\u1ec3n kho\u1ea3ng 4 l\u1ea7n trong su\u1ed1t 12 th\u00e1ng \u0111\u1ea7u ti\u00ean v\u00e0 th\u00eam 2 &#8211; 3 l\u1ea7n trong 12 th\u00e1ng c\u00f2n l\u1ea1i. Tr\u01b0\u1edbc khi \u0111\u01b0\u1ee3c \u0111\u01b0a ra ti\u00eau th\u1ee5, r\u01b0\u1ee3u vang c\u00f2n ph\u1ea3i tr\u1ea3i qua th\u00eam qu\u00e1 tr\u00ecnh l\u00e3o h\u00f3a trong chai v\u1edbi th\u1eddi gian 12 th\u00e1ng.\u00a0<\/span><\/p>\n<p style=\"text-align: justify;\"><span style=\"font-size: 14px;\">R\u01b0\u1ee3u c\u00f3 m\u00e0u \u0111\u1ecf t\u00edm s\u00e2u l\u1eafng. <strong>Tinto Pesquera Reserva<\/strong> mang \u0111\u1ebfn h\u01b0\u01a1ng th\u01a1m \u0111\u1eb7c bi\u1ec7t, m\u1ec1m m\u1ea1i v\u00e0 tinh t\u1ebf, g\u1ee3i \u0111\u1ebfn m\u00f9i h\u01b0\u01a1ng qu\u1ea3 cherry \u0111\u01b0\u1ee3c bao b\u1ecdc b\u1edfi s\u00f4-c\u00f4-la, s\u1ef1 n\u1ed3ng n\u00e0n c\u1ee7a hoa h\u1ed3ng \u0111\u1ecf, h\u01b0\u01a1ng g\u1ed7 s\u1ed3i v\u00e0 c\u00e2y h\u1ed3i. V\u1ecb r\u01b0\u1ee3u r\u1ea5t gi\u00e0u c\u00f3, phong ph\u00fa v\u00e0 h\u00e0o ph\u00f3ng tr\u00ean v\u00f2m mi\u1ec7ng. Tannin v\u00e0 axit v\u1eeba ph\u1ea3i, c\u00e2n \u0111\u1ed1i v\u00e0 c\u00f3 v\u1ecb ng\u1ecdt nh\u1eb9 nh\u00e0ng \u1edf h\u1eadu v\u1ecb.\u00a0<\/span><\/p>\n<p style=\"text-align: justify;\"><span style=\"font-size: 14px;\"><strong>R\u01b0\u1ee3u vang<\/strong> u\u1ed1ng ngon nh\u1ea5t khi \u0111\u01b0\u1ee3c l\u00e0m m\u00e1t \u1edf nhi\u1ec7t \u0111\u1ed9 16 &#8211; 18 \u0111\u1ed9 C. M\u00f3n \u0103n th\u01b0\u1eddng \u0111\u01b0\u1ee3c l\u1ef1a ch\u1ecdn \u0111i k\u00e8m v\u1edbi chai r\u01b0\u1ee3u vang n\u00e0y l\u00e0 c\u00e1c m\u00f3n \u0103n t\u1eeb th\u1ecbt \u0111\u1ecf hay ph\u00f4 mai ch\u00edn.<\/span><\/p>\n","protected":false},"excerpt":{"rendered":"<p>Tinto Pesquera Reserva &#8211; l\u00e0 m\u1ed9t trong nh\u1eefng chai r\u01b0\u1ee3u vang cao c\u1ea5p c\u1ee7a nh\u00e0 Tinto Pesquera, \u0111\u01b0\u1ee3c c\u1ea3 th\u1ebf gi\u1edbi ng\u01b0\u1ee1ng m\u1ed9 b\u1edfi s\u1ef1 tinh t\u1ebf, m\u1ea1nh m\u1ebd, l\u00e0&#8230;<\/p>\n","protected":false},"featured_media":13410,"comment_status":"open","ping_status":"closed","template":"","meta":[],"product_brand":[],"product_cat":[1746],"product_tag":[1171,1684,1256,1462,1470],"class_list":{"0":"post-13409","1":"product","2":"type-product","3":"status-publish","4":"has-post-thumbnail","6":"product_cat-tinto-pesquera","7":"product_tag-750ml","8":"product_tag-ribera-del-duero","9":"product_tag-ruou-vang-do","10":"product_tag-ruou-vang-tay-ban-nha","11":"product_tag-tempranillo","12":"pa_dung-tich-750ml","13":"pa_giong-nho-tempranillo","14":"pa_loai-vang-red-wine","15":"pa_nha-san-xuat-tinto-pesquera","16":"pa_quoc-gia-spain","17":"pa_vung-nho-ribera-del-duero","19":"first","20":"instock","21":"sale","22":"taxable","23":"shipping-taxable","24":"purchasable","25":"product-type-simple"},"_links":{"self":[{"href":"https:\/\/hedon.com.vn\/en\/wp-json\/wp\/v2\/product\/13409","targetHints":{"allow":["GET"]}}],"collection":[{"href":"https:\/\/hedon.com.vn\/en\/wp-json\/wp\/v2\/product"}],"about":[{"href":"https:\/\/hedon.com.vn\/en\/wp-json\/wp\/v2\/types\/product"}],"replies":[{"embeddable":true,"href":"https:\/\/hedon.com.vn\/en\/wp-json\/wp\/v2\/comments?post=13409"}],"wp:featuredmedia":[{"embeddable":true,"href":"https:\/\/hedon.com.vn\/en\/wp-json\/wp\/v2\/media\/13410"}],"wp:attachment":[{"href":"https:\/\/hedon.com.vn\/en\/wp-json\/wp\/v2\/media?parent=13409"}],"wp:term":[{"taxonomy":"product_brand","embeddable":true,"href":"https:\/\/hedon.com.vn\/en\/wp-json\/wp\/v2\/product_brand?post=13409"},{"taxonomy":"product_cat","embeddable":true,"href":"https:\/\/hedon.com.vn\/en\/wp-json\/wp\/v2\/product_cat?post=13409"},{"taxonomy":"product_tag","embeddable":true,"href":"https:\/\/hedon.com.vn\/en\/wp-json\/wp\/v2\/product_tag?post=13409"}],"curies":[{"name":"wp","href":"https:\/\/api.w.org\/{rel}","templated":true}]}}