{"id":13411,"date":"2022-10-19T11:14:13","date_gmt":"2022-10-19T04:14:13","guid":{"rendered":"https:\/\/hedon.com.vn\/san-pham\/ruou-vang-el-vinculo-crianza\/"},"modified":"2026-04-28T16:43:57","modified_gmt":"2026-04-28T09:43:57","slug":"ruou-vang-el-vinculo-crianza","status":"publish","type":"product","link":"https:\/\/hedon.com.vn\/en\/san-pham\/ruou-vang-el-vinculo-crianza\/","title":{"rendered":"R\u01b0\u1ee3u vang T\u00e2y Ban Nha El Vinculo Crianza"},"content":{"rendered":"<h2><strong>R\u01b0\u1ee3u vang El Vinculo Crianza \u0111\u1ebfn t\u1eeb \u0111\u00e2u?<\/strong><\/h2>\n<p><strong>El Vinculo <\/strong>l\u00e0 m\u1ed9t nh\u00e0 m\u00e1y r\u01b0\u1ee3u thu\u1ed9c s\u1edf h\u1eefu c\u1ee7a t\u1eadp \u0111o\u00e0n s\u1ea3n xu\u1ea5t r\u01b0\u1ee3u vang<strong> Familia Fernandez Rivera <\/strong>v\u00e0o n\u0103m 1999<strong>, <\/strong>\u0111\u1eb7t t\u1ea1i\u00a0Campo de Criptana. D\u00f2ng r\u01b0\u1ee3u vang<strong>\u00a0<\/strong>El Vinculo \u0111\u01b0\u1ee3c t\u1ea1o n\u00ean nh\u1eb1m t\u00f4n vinh c\u00f4ng lao to l\u1edbn c\u1ee7a nh\u1eefng th\u1ebf h\u1ec7 \u0111\u1ea7u ti\u00ean, \u0111\u1ed3ng th\u1eddi th\u1ec3 hi\u1ec7n s\u1ef1 coi tr\u1ecdng \u0111\u1ed1i v\u1edbi nh\u1eefng ng\u01b0\u1eddi ph\u1ee5 n\u1eef hi\u1ec7n \u0111ang n\u1eafm quy\u1ec1n \u0111i\u1ec1u h\u00e0nh t\u1ea1i Familia Fernandez Rivera.<\/p>\n<p>El Vinculo Crianza l\u00e0 <strong>chai r\u01b0\u1ee3u vang ngon<\/strong>, cao c\u1ea5p \u0111\u01b0\u1ee3c l\u00e0m t\u1eeb 100% nho Tempranillo. V\u01b0\u1eddn nho r\u1ed9ng kho\u1ea3ng 52ha, n\u1eb1m \u1edf \u0111\u1ed9 cao 650 &#8211; 750m, th\u1ea5p d\u1ea7n theo h\u01b0\u1edbng t\u1eeb B\u1eafc &#8211; Nam. Tu\u1ed5i \u0111\u1eddi trung b\u00ecnh c\u1ee7a c\u00e2y nho l\u00e0 50 n\u0103m, n\u1ec1n \u0111\u1ea5t l\u00e0 \u0111\u1ea5t s\u00e9t pha c\u00e1t. Kh\u00ed h\u1eadu kh\u00f4 v\u00e0 kh\u1eafc nghi\u1ec7t, l\u01b0\u1ee3ng m\u01b0a kh\u00f4ng qu\u00e1 nhi\u1ec1u, \u0111i\u1ec1u n\u00e0y khi\u1ebfn c\u00e2y nho ph\u00e1t tri\u1ec3n ch\u1eadm do b\u1ecb thi\u1ebfu n\u01b0\u1edbc, nh\u01b0ng \u0111\u1ebfn m\u00f9a thu ho\u1ea1ch th\u00ec l\u1ea1i gi\u00fap nho ch\u00edn t\u1ed1t h\u01a1n, v\u1ecb \u0111\u1eadm \u0111\u00e0 h\u01a1n. R\u01b0\u1ee3u vang \u0111\u01b0\u1ee3c \u1ee7 18 th\u00e1ng trong th\u00f9ng g\u1ed7 s\u1ed3i M\u1ef9 v\u00e0 th\u00eam 6 th\u00e1ng trong chai tr\u01b0\u1edbc khi xu\u1ea5t x\u01b0\u1edfng. \u0110\u00e2y l\u00e0 kho\u1ea3ng th\u1eddi gian gi\u00fap cho <strong>chai r\u01b0\u1ee3u vang c\u00f3 ti\u1ec1m n\u0103ng t\u1ed1t nh\u1ea5t<\/strong> v\u1ec1 h\u01b0\u01a1ng v\u1ecb c\u0169ng nh\u01b0 m\u00e0u s\u1eafc.<\/p>\n<h2><strong>\u0110\u00e1nh gi\u00e1 r\u01b0\u1ee3u vang El Vinculo Crianza<\/strong><\/h2>\n<p>R\u01b0\u1ee3u c\u00f3 m\u00e0u \u0111\u1ecf t\u00edm, s\u00e1ng. H\u01b0\u01a1ng th\u01a1m c\u1ee7a r\u01b0\u1ee3u n\u1ed3ng n\u00e0n v\u1edbi h\u01b0\u01a1ng tr\u00e1i c\u00e2y \u0111en nh\u01b0 qu\u1ea3 m\u00e2m x\u00f4i, vi\u1ec7t qu\u1ea5t \u0111i k\u00e8m v\u1edbi cam th\u1ea3o &#8211; bi\u1ec3u hi\u1ec7n \u0111\u1eb7c tr\u01b0ng c\u1ee7a gi\u1ed1ng nho Tempranillo, b\u1ed5 sung th\u00eam ch\u00fat h\u01b0\u01a1ng vani do qu\u00e1 tr\u00ecnh \u1ee7 r\u01b0\u1ee3u. <strong>V\u1ecb r\u01b0\u1ee3u vang ngon<\/strong> \u0111\u01b0\u1ee3c th\u1ec3 hi\u1ec7n b\u1eb1ng tannin ch\u00edn, \u0111\u1eadm c\u00f9ng h\u00f2a quy\u1ec7n v\u1edbi v\u1ecb tr\u00e1i c\u00e2y t\u01b0\u01a1i, gia v\u1ecb v\u00e0 vani, k\u00e9o d\u00e0i \u1edf h\u1eadu v\u1ecb.<\/p>\n<h2><strong>L\u1eddi khuy\u00ean c\u1ee7a Hedon khi d\u00f9ng r\u01b0\u1ee3u vang El Vinculo Crianza<\/strong><\/h2>\n<p>Theo <strong>chuy\u00ean gia c\u1ee7a Hedon<\/strong>,<strong> r\u01b0\u1ee3u vang \u0111\u01b0\u1ee3c ngon nh\u1ea5<\/strong>t \u1edf nhi\u1ec7t \u0111\u1ed9 12 &#8211; 14\u00baC v\u00e0 th\u01b0\u1edfng th\u1ee9c c\u00f9ng c\u00e1c m\u00f3n \u0103n nh\u01b0 th\u1ecbt \u0111\u1ecf n\u01b0\u1edbng ho\u1eb7c c\u00e1c m\u00f3n t\u1eeb g\u00e0 kh\u00f4, th\u1ecf r\u1eebng.<\/p>\n<p style=\"text-align: center;\"><strong>\u0110\u1eb6C T\u00cdNH C\u1ee6A R\u01af\u1ee2U VANG EL VINCULO CRIANZA<\/strong><\/p>\n","protected":false},"excerpt":{"rendered":"<p>R\u01b0\u1ee3u vang El Vinculo Crianza \u0111\u1ebfn t\u1eeb \u0111\u00e2u? El Vinculo l\u00e0 m\u1ed9t nh\u00e0 m\u00e1y r\u01b0\u1ee3u thu\u1ed9c s\u1edf h\u1eefu c\u1ee7a t\u1eadp \u0111o\u00e0n s\u1ea3n xu\u1ea5t r\u01b0\u1ee3u vang Familia Fernandez Rivera v\u00e0o n\u0103m&#8230;<\/p>\n","protected":false},"featured_media":13412,"comment_status":"open","ping_status":"closed","template":"","meta":[],"product_brand":[],"product_cat":[1749],"product_tag":[1171,1684,1256,1462,1470],"class_list":{"0":"post-13411","1":"product","2":"type-product","3":"status-publish","4":"has-post-thumbnail","6":"product_cat-familia-fernandez-rivera","7":"product_tag-750ml","8":"product_tag-ribera-del-duero","9":"product_tag-ruou-vang-do","10":"product_tag-ruou-vang-tay-ban-nha","11":"product_tag-tempranillo","12":"pa_dung-tich-750ml","13":"pa_giong-nho-tempranillo","14":"pa_loai-vang-red-wine","15":"pa_nha-san-xuat-familia-fernandez-rivera","16":"pa_quoc-gia-spain","17":"pa_vung-nho-ribera-del-duero","19":"first","20":"instock","21":"taxable","22":"shipping-taxable","23":"purchasable","24":"product-type-simple"},"_links":{"self":[{"href":"https:\/\/hedon.com.vn\/en\/wp-json\/wp\/v2\/product\/13411","targetHints":{"allow":["GET"]}}],"collection":[{"href":"https:\/\/hedon.com.vn\/en\/wp-json\/wp\/v2\/product"}],"about":[{"href":"https:\/\/hedon.com.vn\/en\/wp-json\/wp\/v2\/types\/product"}],"replies":[{"embeddable":true,"href":"https:\/\/hedon.com.vn\/en\/wp-json\/wp\/v2\/comments?post=13411"}],"wp:featuredmedia":[{"embeddable":true,"href":"https:\/\/hedon.com.vn\/en\/wp-json\/wp\/v2\/media\/13412"}],"wp:attachment":[{"href":"https:\/\/hedon.com.vn\/en\/wp-json\/wp\/v2\/media?parent=13411"}],"wp:term":[{"taxonomy":"product_brand","embeddable":true,"href":"https:\/\/hedon.com.vn\/en\/wp-json\/wp\/v2\/product_brand?post=13411"},{"taxonomy":"product_cat","embeddable":true,"href":"https:\/\/hedon.com.vn\/en\/wp-json\/wp\/v2\/product_cat?post=13411"},{"taxonomy":"product_tag","embeddable":true,"href":"https:\/\/hedon.com.vn\/en\/wp-json\/wp\/v2\/product_tag?post=13411"}],"curies":[{"name":"wp","href":"https:\/\/api.w.org\/{rel}","templated":true}]}}