{"id":13474,"date":"2022-09-06T12:01:31","date_gmt":"2022-09-06T05:01:31","guid":{"rendered":"https:\/\/hedon.com.vn\/san-pham\/ruou-vang-southern-hills-cabernet-sauvignon\/"},"modified":"2026-04-28T16:44:53","modified_gmt":"2026-04-28T09:44:53","slug":"ruou-vang-southern-hills-cabernet-sauvignon","status":"publish","type":"product","link":"https:\/\/hedon.com.vn\/en\/san-pham\/ruou-vang-southern-hills-cabernet-sauvignon\/","title":{"rendered":"R\u01b0\u1ee3u vang M\u1ef9 Wente Southern Hills Cabernet Sauvignon"},"content":{"rendered":"<h2><strong>1. R\u01b0\u1ee3u vang \u0111\u1ecf Southern Hills Cabernet Sauvignon t\u1eeb \u0111\u00e2u?<\/strong><\/h2>\n<h2><strong>2. \u0110\u00e1nh gi\u00e1 r\u01b0\u1ee3u vang Southern Hills Cabernet Sauvignon<\/strong><\/h2>\n<h2><strong>3. L\u1eddi khuy\u00ean c\u1ee7a Hedon khi d\u00f9ng ruwoju vang Southern Hills Cabernet Sauvignon<\/strong><\/h2>\n<h2><strong>R\u01b0\u1ee3u vang \u0111\u1ecf Southern Hills Cabernet Sauvignon t\u1eeb \u0111\u00e2u?<\/strong><\/h2>\n<p><strong>Southern Hills Cabernet Sauvignon <\/strong>l\u00e0 chai <strong>r\u01b0\u1ee3u vang ngon<\/strong> c\u1ee7a nh\u00e0 s\u1ea3n xu\u1ea5t r\u01b0\u1ee3u vang Wente Vineyards, \u0111\u01b0\u1ee3c th\u00e0nh l\u1eadp n\u0103m 1883 v\u00e0 thu\u1ed9c s\u1edf h\u1eefu c\u1ee7a gia \u0111\u00ecnh gi\u00e0u truy\u1ec1n th\u1ed1ng Wente Family Estate t\u1ea1i M\u1ef9.<\/p>\n<p>Wente Vineyards \u0111\u00e3 c\u00f3 g\u1ea7n 140 n\u0103m s\u1ea3n xu\u1ea5t r\u01b0\u1ee3u vang, tr\u1edf th\u00e0nh m\u1ed9t trong nh\u1eefng <strong>nh\u00e0 s\u1ea3n xu\u1ea5t r\u01b0\u1ee3u vang ngon<\/strong> v\u00e0 l\u00e2u \u0111\u1eddi nh\u1ea5t c\u1ee7a M\u1ef9. V\u01b0\u1eddn nho c\u1ee7a Wente Vineyards \u0111\u01b0\u1ee3c tr\u1ed3ng c\u00e1c \u0111\u1ecba \u0111i\u1ec3m: thung l\u0169ng Livermore, v\u1ecbnh San Francisco, v\u00f9ng \u0111\u1ea5t Arroyo Seco, Monterey. Hi\u1ec7n nay, nh\u00e0 m\u00e1y r\u01b0\u1ee3u \u0111ang \u0111\u01b0\u1ee3c s\u1edf h\u1eefu v\u00e0 qu\u1ea3n l\u00fd b\u1edfi th\u1ebf h\u1ec7 th\u1ee9 4 v\u00e0 th\u1ee9 5 c\u1ee7a gia \u0111\u00ecnh Wente-\u0111\u00e2y \u0111\u01b0\u1ee3c coi l\u00e0 &#8220;th\u1ebf h\u1ec7 v\u00e0ng&#8221; c\u1ee7a gia \u0111\u00ecnh khi \u0111\u01b0a r\u01b0\u1ee3u vang Wente t\u1eeb nho Chardonnay tr\u1edf th\u00e0nh lo\u1ea1i r\u01b0\u1ee3u b\u00e1n ch\u1ea1y nh\u1ea5t n\u01b0\u1edbc M\u1ef9. \u0110\u01b0\u01a1ng nhi\u00ean, \u0111\u00f3 l\u00e0 nh\u1eefng <strong>chai r\u01b0\u1ee3u vang ngon h\u00e0ng \u0111\u1ea7u th\u1ebf gi\u1edbi<\/strong>. N\u0103m 2010, Wente Family Estates l\u00e0 m\u1ed9t trong nh\u1eefng nh\u00e0 m\u00e1y r\u01b0\u1ee3u \u0111\u1ea7u ti\u00ean \u0111\u01b0\u1ee3c c\u00f4ng nh\u1eadn &#8220;Nh\u00e0 m\u00e1y r\u01b0\u1ee3u ph\u00e1t tri\u1ec3n b\u1ec1n v\u1eefng&#8221; t\u1ea1i California. N\u0103m 2011, Wente Family Estates \u0111\u01b0\u1ee3c b\u00ecnh ch\u1ecdn v\u1edbi danh hi\u1ec7u &#8220;Nh\u00e0 m\u00e1y r\u01b0\u1ee3u c\u1ee7a n\u0103m&#8221; t\u1ea1i M\u1ef9 v\u00e0 n\u1eb1m trong top 30 c\u00f4ng ty r\u01b0\u1ee3u\u00a0\u00a0l\u1edbn nh\u1ea5t do Wine Business Monthly b\u00ecnh ch\u1ecdn. Hi\u1ec7n nay, r\u01b0\u1ee3u vang Wente \u0111\u01b0\u1ee3c ph\u00e2n ph\u1ed1i tr\u00ean kh\u1eafp Hoa K\u1ef3 v\u00e0 h\u01a1n 70 qu\u1ed1c gia tr\u00ean to\u00e0n th\u1ebf gi\u1edbi.<\/p>\n<p><strong>R\u01b0\u1ee3u vang Wente Southern Hills Cabernet Sauvignon<\/strong> \u0111\u01b0\u1ee3c l\u00e0m t\u1eeb nh\u1eefng v\u01b0\u1eddn nho n\u1eb1m s\u01b0\u1eddn \u0111\u1ed3i ph\u00eda Nam thung l\u0169ng Livermore. Trong \u0111\u00f3, nho Cabernet Savignon \u0111\u01b0\u1ee3c tr\u1ed3ng kho\u1ea3ng kho\u1ea3ng 400 m\u1eabu, \u0111\u1eb7c bi\u1ec7t \u0111\u00f3 l\u00e0 nh\u1eefng c\u00e2y nho c\u00f3 ngu\u1ed3n g\u1ed1c t\u1eeb Bordeaux, tr\u1ed3ng t\u1ea1i California v\u00e0o th\u1ebf l\u1ef7 19. V\u1edbi n\u1ec1n \u0111\u1ea5t \u0111\u00e1 tho\u00e1t n\u01b0\u1edbc t\u1ed1t c\u00f9ng h\u01b0\u1edbng gi\u00f3 \u0110\u00f4ng &#8211; T\u00e2y thu\u1eadn l\u1ee3i, nh\u1eefng v\u01b0\u1eddn nho Cabernet Sauvignon t\u1ea1i Southern Hills s\u1ebd t\u1ea1o ra nh\u1eefng <strong>chai r\u01b0\u1ee3u vang \u0111\u1ecf ngon<\/strong> s\u1edf h\u1eefu \u0111\u1ed9 \u0111\u1eadm \u0111\u00e0, s\u00e2u l\u1eafng v\u00e0 c\u01b0\u1eddng \u0111\u1ed9 r\u1ea5t kh\u00e1c bi\u1ec7t.<\/p>\n<p>Chai r\u01b0\u1ee3u vang \u0111\u01b0\u1ee3c l\u00e0m t\u1eeb nho Cabernet Sauvignon (78%) k\u1ebft h\u1ee3p c\u00f9ng nho Petite Sirah (19%) v\u00e0 nho Petit Verdot (3%). Qu\u00e1 tr\u00ecnh l\u00ean men \u0111\u01b0\u1ee3c t\u00e1ch bi\u1ec7t t\u1eebng lo\u1ea1i nho trong th\u00f9ng th\u00e9p kh\u00f4ng g\u1ec9. Th\u1eddi gian ng\u00e2m c\u00f9ng v\u1ecf nho t\u1eeb 7 -12 ng\u00e0y. Sau \u0111\u00f3, r\u01b0\u1ee3u vang \u0111\u01b0\u1ee3c \u1ee7 16 th\u00e1ng trong th\u00f9ng g\u1ed7 s\u1ed3i Ph\u00e1p, M\u1ef9, g\u1ed7 s\u1ed3i trung t\u00ednh v\u00e0 c\u1ea3 th\u00f9ng th\u00e9p kh\u00f4ng g\u1ec9 \u0111\u1ec3 mang \u0111\u1ebfn s\u1ef1 sinh \u0111\u1ed9ng v\u00e0 <strong>h\u01b0\u01a1ng v\u1ecb r\u01b0\u1ee3u th\u01a1m ngon<\/strong>.<\/p>\n<h2><strong>\u0110\u00e1nh gi\u00e1 r\u01b0\u1ee3u vang Southern Hills Cabernet Sauvignon<\/strong><\/h2>\n<p>Southern Hills Cabernet Sauvignon l\u00e0 <strong>chai r\u01b0\u1ee3u vang \u0111\u1ecf ngon<\/strong> c\u00f9ng h\u01b0\u01a1ng v\u1ecb c\u1ee7a gia v\u1ecb n\u1ed3ng \u1ea5m. Tr\u00ean v\u00f2m mi\u1ec7ng l\u00e0 h\u01b0\u01a1ng v\u1ecb c\u1ee7a qu\u1ea3 m\u00e2m x\u00f4i, qu\u1ea3 sung ch\u00edn m\u1ecdng c\u00e2n b\u1eb1ng c\u00f9ng v\u1ecb tannin tr\u00f2n, m\u1ecbn v\u00e0 k\u00e9o d\u00e0i \u1edf h\u1eadu v\u1ecb mang \u0111\u1ebfn nh\u1eefng tr\u1ea3i nghi\u1ec7m th\u00fa v\u1ecb cho ng\u01b0\u1eddi th\u01b0\u1edfng th\u1ee9c.<\/p>\n<h2><strong>L\u1eddi khuy\u00ean c\u1ee7a Hedon khi d\u00f9ng r\u01b0\u1ee3u vang Southern Hills Cabernet Sauvignon<\/strong><\/h2>\n<p>\u0110\u1ec3 <strong>th\u01b0\u1edfng th\u1ee9c r\u01b0\u1ee3u vang ngon nh\u1ea5t<\/strong>, <strong>chuy\u00ean gia c\u1ee7a Hedon<\/strong> g\u1ee3i \u00fd nhi\u1ec7t \u0111\u1ed9 ph\u1ee5c v\u1ee5 l\u00fd t\u01b0\u1edfng l\u00e0 16 &#8211; 18\u00b0C v\u00e0 th\u01b0\u1edfng th\u1ee9c c\u00f9ng c\u00e1c m\u00f3n \u0103n t\u1eeb th\u1ecbt b\u00f2, ph\u00f4 mai n\u01b0\u1edbng, s\u00fap khoai t\u00e2y, b\u00e1nh quy.<\/p>\n<p style=\"text-align: center;\"><strong>\u0110\u1eb6C T\u00cdNH C\u1ee6A R\u01af\u1ee2U VANG SOUTHERN HILLS CABERNET SAUVIGNON<\/strong><\/p>\n","protected":false},"excerpt":{"rendered":"<p>1. R\u01b0\u1ee3u vang \u0111\u1ecf Southern Hills Cabernet Sauvignon t\u1eeb \u0111\u00e2u? 2. \u0110\u00e1nh gi\u00e1 r\u01b0\u1ee3u vang Southern Hills Cabernet Sauvignon 3. L\u1eddi khuy\u00ean c\u1ee7a Hedon khi d\u00f9ng ruwoju vang Southern Hills&#8230;<\/p>\n","protected":false},"featured_media":13475,"comment_status":"open","ping_status":"closed","template":"","meta":[],"product_brand":[],"product_cat":[1760],"product_tag":[1171,1416,1578,1628,1688,1256,1579],"class_list":{"0":"post-13474","1":"product","2":"type-product","3":"status-publish","4":"has-post-thumbnail","6":"product_cat-wente-ruou-vang-my","7":"product_tag-750ml","8":"product_tag-cabernet-sauvignon","9":"product_tag-california","10":"product_tag-petit-verdot","11":"product_tag-petite-sirah","12":"product_tag-ruou-vang-do","13":"product_tag-ruou-vang-my","14":"pa_dung-tich-750ml","15":"pa_giong-nho-cabernet-sauvignon","16":"pa_giong-nho-petit-verdot","17":"pa_giong-nho-petite-sirah","18":"pa_loai-vang-red-wine","19":"pa_nha-san-xuat-wente","20":"pa_quoc-gia-usa","21":"pa_vung-nho-california","23":"first","24":"instock","25":"taxable","26":"shipping-taxable","27":"purchasable","28":"product-type-simple"},"_links":{"self":[{"href":"https:\/\/hedon.com.vn\/en\/wp-json\/wp\/v2\/product\/13474","targetHints":{"allow":["GET"]}}],"collection":[{"href":"https:\/\/hedon.com.vn\/en\/wp-json\/wp\/v2\/product"}],"about":[{"href":"https:\/\/hedon.com.vn\/en\/wp-json\/wp\/v2\/types\/product"}],"replies":[{"embeddable":true,"href":"https:\/\/hedon.com.vn\/en\/wp-json\/wp\/v2\/comments?post=13474"}],"wp:featuredmedia":[{"embeddable":true,"href":"https:\/\/hedon.com.vn\/en\/wp-json\/wp\/v2\/media\/13475"}],"wp:attachment":[{"href":"https:\/\/hedon.com.vn\/en\/wp-json\/wp\/v2\/media?parent=13474"}],"wp:term":[{"taxonomy":"product_brand","embeddable":true,"href":"https:\/\/hedon.com.vn\/en\/wp-json\/wp\/v2\/product_brand?post=13474"},{"taxonomy":"product_cat","embeddable":true,"href":"https:\/\/hedon.com.vn\/en\/wp-json\/wp\/v2\/product_cat?post=13474"},{"taxonomy":"product_tag","embeddable":true,"href":"https:\/\/hedon.com.vn\/en\/wp-json\/wp\/v2\/product_tag?post=13474"}],"curies":[{"name":"wp","href":"https:\/\/api.w.org\/{rel}","templated":true}]}}